{"id":17,"date":"2016-03-09T11:22:26","date_gmt":"2016-03-09T14:22:26","guid":{"rendered":"http:\/\/robolab.canoas.ifrs.edu.br\/?page_id=17"},"modified":"2016-03-17T22:08:19","modified_gmt":"2016-03-18T01:08:19","slug":"a-plataforma","status":"publish","type":"page","link":"https:\/\/robolab.canoas.ifrs.edu.br\/index.php\/a-plataforma\/","title":{"rendered":"A Plataforma"},"content":{"rendered":"<p>A equipe RoboLab vem desde 2014 trabalhando com a plataforma <strong><a class=\"link\" href=\"https:\/\/www.arduino.cc\/\" target=\"_blank\">Arduino\u2122<\/a> <\/strong>e aprendendo a cada dia mais como utiliz\u00e1-la, juntamente com seus m\u00f3dulos e outros componentes.<\/p>\n<blockquote><p>Arduino \u00e9 uma plataforma eletr\u00f4nica open-source baseada em um hardware e software de f\u00e1cil uso. \u00c9 voltada pra qualquer um desenvolver projetos interativos.<\/p><\/blockquote>\n<p>A plataforma foi\u00a0criada por Massimo Banzi e David Cuartielles em 2005 com objetivo de permitir o desenvolvimento de controle de sistemas interativos, de baixo custo e acess\u00edvel a todos.<\/p>\n<p>O projeto foi criado pensando em artistas e alunos iniciantes, ou seja, n\u00e3o \u00e9 necess\u00e1rio ter conhecimentos pr\u00e9vios em eletr\u00f4nica ou programa\u00e7\u00e3o para iniciar-se no mundo Arduino.<\/p>\n<p>Com o Arduino \u00e9 poss\u00edvel tamb\u00e9m enviar e receber informa\u00e7\u00f5es de praticamente qualquer outro sistema eletr\u00f4nico. Desta forma \u00e9 poss\u00edvel obter, por exemplo, dados de sensores, como temperatura, ilumina\u00e7\u00e3o, processar e enviar esses dados para um sistema remoto.<\/p>\n<p>Outra caracter\u00edstica importante \u00e9 que todo material (software, bibliotecas, hardware) \u00e9 open-source, ou seja, pode ser reproduzido e usado por todos sem a necessidade de pagamento de royalties ou direitos autorais.<\/p>\n<p><a href=\"http:\/\/robolab.canoas.ifrs.edu.br\/wp-content\/uploads\/2016\/03\/arduino-uno.jpeg\"><img loading=\"lazy\" decoding=\"async\" class=\"aligncenter size-medium wp-image-38\" src=\"http:\/\/robolab.canoas.ifrs.edu.br\/wp-content\/uploads\/2016\/03\/arduino-uno-300x300.jpeg\" alt=\"Arduino Uno\" width=\"300\" height=\"300\" srcset=\"https:\/\/robolab.canoas.ifrs.edu.br\/wp-content\/uploads\/2016\/03\/arduino-uno-300x300.jpeg 300w, https:\/\/robolab.canoas.ifrs.edu.br\/wp-content\/uploads\/2016\/03\/arduino-uno-150x150.jpeg 150w, https:\/\/robolab.canoas.ifrs.edu.br\/wp-content\/uploads\/2016\/03\/arduino-uno-1024x1024.jpeg 1024w, https:\/\/robolab.canoas.ifrs.edu.br\/wp-content\/uploads\/2016\/03\/arduino-uno-50x50.jpeg 50w, https:\/\/robolab.canoas.ifrs.edu.br\/wp-content\/uploads\/2016\/03\/arduino-uno.jpeg 1280w\" sizes=\"auto, (max-width: 300px) 100vw, 300px\" \/><\/a>Aqui mostraremos alguns dos experimentos, testes, dificuldades e solu\u00e7\u00f5es, que realizamos ao longo destes anos com esta incr\u00edvel plataforma. Fique atento!<\/p>\n","protected":false},"excerpt":{"rendered":"<p>A equipe RoboLab vem desde 2014 trabalhando com a plataforma Arduino\u2122 e aprendendo a cada dia mais como utiliz\u00e1-la, juntamente com seus m\u00f3dulos e outros componentes. Arduino \u00e9 uma plataforma eletr\u00f4nica open-source baseada em um hardware e software de f\u00e1cil uso. \u00c9 voltada pra qualquer um desenvolver projetos interativos. A plataforma foi\u00a0criada por Massimo Banzi [&hellip;]<\/p>\n","protected":false},"author":1,"featured_media":0,"parent":0,"menu_order":1,"comment_status":"closed","ping_status":"closed","template":"","meta":{"footnotes":""},"class_list":["post-17","page","type-page","status-publish","hentry"],"_links":{"self":[{"href":"https:\/\/robolab.canoas.ifrs.edu.br\/index.php\/wp-json\/wp\/v2\/pages\/17","targetHints":{"allow":["GET"]}}],"collection":[{"href":"https:\/\/robolab.canoas.ifrs.edu.br\/index.php\/wp-json\/wp\/v2\/pages"}],"about":[{"href":"https:\/\/robolab.canoas.ifrs.edu.br\/index.php\/wp-json\/wp\/v2\/types\/page"}],"author":[{"embeddable":true,"href":"https:\/\/robolab.canoas.ifrs.edu.br\/index.php\/wp-json\/wp\/v2\/users\/1"}],"replies":[{"embeddable":true,"href":"https:\/\/robolab.canoas.ifrs.edu.br\/index.php\/wp-json\/wp\/v2\/comments?post=17"}],"version-history":[{"count":16,"href":"https:\/\/robolab.canoas.ifrs.edu.br\/index.php\/wp-json\/wp\/v2\/pages\/17\/revisions"}],"predecessor-version":[{"id":55,"href":"https:\/\/robolab.canoas.ifrs.edu.br\/index.php\/wp-json\/wp\/v2\/pages\/17\/revisions\/55"}],"wp:attachment":[{"href":"https:\/\/robolab.canoas.ifrs.edu.br\/index.php\/wp-json\/wp\/v2\/media?parent=17"}],"curies":[{"name":"wp","href":"https:\/\/api.w.org\/{rel}","templated":true}]}}